{"id":691,"date":"2020-08-21T06:04:33","date_gmt":"2020-08-21T06:04:33","guid":{"rendered":"http:\/\/localhost:8888\/brochure-site\/projects\/"},"modified":"2024-09-23T18:59:09","modified_gmt":"2024-09-23T16:59:09","slug":"projets","status":"publish","type":"page","link":"https:\/\/delebarrearchitecture.fr\/index.php\/projets\/","title":{"rendered":"Projets"},"content":{"rendered":"\n<div class=\"wp-block-uagb-container uagb-block-99bcd10f alignfull uagb-is-root-container\"><div class=\"uagb-container-inner-blocks-wrap\">\n<div class=\"wp-block-uagb-advanced-heading uagb-block-472358aa\"><h1 class=\"uagb-heading-text\">Projets\u200b<\/h1><p class=\"uagb-desc-text\">Une s\u00e9lection des projets r\u00e9alis\u00e9s par l&rsquo;agence <\/p><\/div>\n<\/div><\/div>\n\n\n\n<div class=\"wp-block-uagb-container uagb-block-2839f0a7 alignfull uagb-is-root-container\"><div class=\"uagb-container-inner-blocks-wrap\">\n<div class=\"wp-block-uagb-container uagb-block-9fce5520\">\n\t\t\t<div class=\"wp-block-uagb-post-grid uagb-post-grid  uagb-post__image-position-top uagb-post__image-enabled uagb-block-752e7983     uagb-post__items uagb-post__columns-3 is-grid uagb-post__columns-tablet-2 uagb-post__columns-mobile-1 uagb-post__equal-height uagb-equal_height_inline-read-more-buttons\" data-total=\"1\" style=\"\">\n\n\t\t\t\t\t\t\t\t\t\t\t\t<article class=\"uagb-post__inner-wrap\">\t\t\t\t\t\t\t\t<div class='uagb-post__image'>\n\t\t\t\t\t\t\t\t\t<a href=\"https:\/\/delebarrearchitecture.fr\/index.php\/2023\/05\/05\/mise-aux-normes-pmr-de-commerces\/\" target=\"_self\" rel=\"bookmark noopener noreferrer\" class='uagb-image-ratio-inherit'><img loading=\"lazy\" decoding=\"async\" width=\"727\" height=\"483\" src=\"https:\/\/delebarrearchitecture.fr\/wp-content\/uploads\/2023\/05\/PMR-conformite-delebarre-architecture-paris2-1.jpg\" class=\"attachment-large size-large\" alt=\"\" srcset=\"https:\/\/delebarrearchitecture.fr\/wp-content\/uploads\/2023\/05\/PMR-conformite-delebarre-architecture-paris2-1.jpg 727w, https:\/\/delebarrearchitecture.fr\/wp-content\/uploads\/2023\/05\/PMR-conformite-delebarre-architecture-paris2-1-300x199.jpg 300w\" sizes=\"auto, (max-width: 727px) 100vw, 727px\" \/>\t\t\t\t\t<\/a>\n\t\t\t\t\t\t\t<\/div>\n\t\t\t\t\t\t<h4 class=\"uagb-post__title uagb-post__text\">\n\t\t\t\t<a href=\"https:\/\/delebarrearchitecture.fr\/index.php\/2023\/05\/05\/mise-aux-normes-pmr-de-commerces\/\" target=\"_self\" rel=\"bookmark noopener noreferrer\">Mise aux normes PMR de commerces<\/a>\n\t\t\t<\/h4>\n\t\t\t\t\t\t<div class='uagb-post__text uagb-post-grid-byline'>\n\t\t\t\t\t\t\t<\/div>\n\t\t\t\t\t\t<div class=\"uagb-post__text uagb-post__cta wp-block-button\">\n\t\t\t\t<a class=\"wp-block-button__link uagb-text-link\" style=\"\" href=\"https:\/\/delebarrearchitecture.fr\/index.php\/2023\/05\/05\/mise-aux-normes-pmr-de-commerces\/\" target=\"_self\" rel=\"bookmark noopener noreferrer\">LIre plus &gt;&gt;<\/a>\n\t\t\t<\/div>\n\t\t\t\n\t\t\t\t\t\t\t\t<a class=\"uagb-post__link-complete-box\" href=\"https:\/\/delebarrearchitecture.fr\/index.php\/2023\/05\/05\/mise-aux-normes-pmr-de-commerces\/\" target=\"_self\" rel=\"bookmark noopener noreferrer\"><\/a>\n\t\t\t\t\t\t\t<\/article>\n\t\t\t\t\t\t\t\t\t\t\t\t\t\t\t\t<article class=\"uagb-post__inner-wrap\">\t\t\t\t\t\t\t\t<div class='uagb-post__image'>\n\t\t\t\t\t\t\t\t\t<a href=\"https:\/\/delebarrearchitecture.fr\/index.php\/2023\/05\/29\/appartement-paris-15e\/\" target=\"_self\" rel=\"bookmark noopener noreferrer\" class='uagb-image-ratio-inherit'><img loading=\"lazy\" decoding=\"async\" width=\"1024\" height=\"683\" src=\"https:\/\/delebarrearchitecture.fr\/wp-content\/uploads\/2024\/09\/cuisine-industrielle-paris-15-appartement-renovation-delebarre-architecture-1-1024x683.jpg\" class=\"attachment-large size-large\" alt=\"\" srcset=\"https:\/\/delebarrearchitecture.fr\/wp-content\/uploads\/2024\/09\/cuisine-industrielle-paris-15-appartement-renovation-delebarre-architecture-1-1024x683.jpg 1024w, https:\/\/delebarrearchitecture.fr\/wp-content\/uploads\/2024\/09\/cuisine-industrielle-paris-15-appartement-renovation-delebarre-architecture-1-300x200.jpg 300w, https:\/\/delebarrearchitecture.fr\/wp-content\/uploads\/2024\/09\/cuisine-industrielle-paris-15-appartement-renovation-delebarre-architecture-1-768x512.jpg 768w, https:\/\/delebarrearchitecture.fr\/wp-content\/uploads\/2024\/09\/cuisine-industrielle-paris-15-appartement-renovation-delebarre-architecture-1-1536x1025.jpg 1536w, https:\/\/delebarrearchitecture.fr\/wp-content\/uploads\/2024\/09\/cuisine-industrielle-paris-15-appartement-renovation-delebarre-architecture-1.jpg 1920w\" sizes=\"auto, (max-width: 1024px) 100vw, 1024px\" \/>\t\t\t\t\t<\/a>\n\t\t\t\t\t\t\t<\/div>\n\t\t\t\t\t\t<h4 class=\"uagb-post__title uagb-post__text\">\n\t\t\t\t<a href=\"https:\/\/delebarrearchitecture.fr\/index.php\/2023\/05\/29\/appartement-paris-15e\/\" target=\"_self\" rel=\"bookmark noopener noreferrer\">Appartement Paris 15e<\/a>\n\t\t\t<\/h4>\n\t\t\t\t\t\t<div class='uagb-post__text uagb-post-grid-byline'>\n\t\t\t\t\t\t\t<\/div>\n\t\t\t\t\t\t<div class=\"uagb-post__text uagb-post__cta wp-block-button\">\n\t\t\t\t<a class=\"wp-block-button__link uagb-text-link\" style=\"\" href=\"https:\/\/delebarrearchitecture.fr\/index.php\/2023\/05\/29\/appartement-paris-15e\/\" target=\"_self\" rel=\"bookmark noopener noreferrer\">LIre plus &gt;&gt;<\/a>\n\t\t\t<\/div>\n\t\t\t\n\t\t\t\t\t\t\t\t<a class=\"uagb-post__link-complete-box\" href=\"https:\/\/delebarrearchitecture.fr\/index.php\/2023\/05\/29\/appartement-paris-15e\/\" target=\"_self\" rel=\"bookmark noopener noreferrer\"><\/a>\n\t\t\t\t\t\t\t<\/article>\n\t\t\t\t\t\t\t\t\t\t\t\t\t\t\t\t<article class=\"uagb-post__inner-wrap\">\t\t\t\t\t\t\t\t<div class='uagb-post__image'>\n\t\t\t\t\t\t\t\t\t<a href=\"https:\/\/delebarrearchitecture.fr\/index.php\/2023\/07\/08\/airbnb-a-st-cyr-sous-dourdan\/\" target=\"_self\" rel=\"bookmark noopener noreferrer\" class='uagb-image-ratio-inherit'><img loading=\"lazy\" decoding=\"async\" width=\"1024\" height=\"683\" src=\"https:\/\/delebarrearchitecture.fr\/wp-content\/uploads\/2024\/09\/st-cyr-sous-dourdan-sejour-duplex-campagne-location-saisonniere-cuisine-delebarre-architecture-1024x683.jpg\" class=\"attachment-large size-large\" alt=\"\" srcset=\"https:\/\/delebarrearchitecture.fr\/wp-content\/uploads\/2024\/09\/st-cyr-sous-dourdan-sejour-duplex-campagne-location-saisonniere-cuisine-delebarre-architecture-1024x683.jpg 1024w, https:\/\/delebarrearchitecture.fr\/wp-content\/uploads\/2024\/09\/st-cyr-sous-dourdan-sejour-duplex-campagne-location-saisonniere-cuisine-delebarre-architecture-300x200.jpg 300w, https:\/\/delebarrearchitecture.fr\/wp-content\/uploads\/2024\/09\/st-cyr-sous-dourdan-sejour-duplex-campagne-location-saisonniere-cuisine-delebarre-architecture-768x512.jpg 768w, https:\/\/delebarrearchitecture.fr\/wp-content\/uploads\/2024\/09\/st-cyr-sous-dourdan-sejour-duplex-campagne-location-saisonniere-cuisine-delebarre-architecture-1536x1025.jpg 1536w, https:\/\/delebarrearchitecture.fr\/wp-content\/uploads\/2024\/09\/st-cyr-sous-dourdan-sejour-duplex-campagne-location-saisonniere-cuisine-delebarre-architecture.jpg 1920w\" sizes=\"auto, (max-width: 1024px) 100vw, 1024px\" \/>\t\t\t\t\t<\/a>\n\t\t\t\t\t\t\t<\/div>\n\t\t\t\t\t\t<h4 class=\"uagb-post__title uagb-post__text\">\n\t\t\t\t<a href=\"https:\/\/delebarrearchitecture.fr\/index.php\/2023\/07\/08\/airbnb-a-st-cyr-sous-dourdan\/\" target=\"_self\" rel=\"bookmark noopener noreferrer\">AirBnB St Cyr sous Dourdan (91)<\/a>\n\t\t\t<\/h4>\n\t\t\t\t\t\t<div class='uagb-post__text uagb-post-grid-byline'>\n\t\t\t\t\t\t\t<\/div>\n\t\t\t\t\t\t<div class=\"uagb-post__text uagb-post__cta wp-block-button\">\n\t\t\t\t<a class=\"wp-block-button__link uagb-text-link\" style=\"\" href=\"https:\/\/delebarrearchitecture.fr\/index.php\/2023\/07\/08\/airbnb-a-st-cyr-sous-dourdan\/\" target=\"_self\" rel=\"bookmark noopener noreferrer\">LIre plus &gt;&gt;<\/a>\n\t\t\t<\/div>\n\t\t\t\n\t\t\t\t\t\t\t\t<a class=\"uagb-post__link-complete-box\" href=\"https:\/\/delebarrearchitecture.fr\/index.php\/2023\/07\/08\/airbnb-a-st-cyr-sous-dourdan\/\" target=\"_self\" rel=\"bookmark noopener noreferrer\"><\/a>\n\t\t\t\t\t\t\t<\/article>\n\t\t\t\t\t\t\t\t\t\t\t\t\t\t\t\t<article class=\"uagb-post__inner-wrap\">\t\t\t\t\t\t\t\t<div class='uagb-post__image'>\n\t\t\t\t\t\t\t\t\t<a href=\"https:\/\/delebarrearchitecture.fr\/index.php\/2023\/07\/08\/appartement-a-dourdan-91\/\" target=\"_self\" rel=\"bookmark noopener noreferrer\" class='uagb-image-ratio-inherit'><img loading=\"lazy\" decoding=\"async\" width=\"1024\" height=\"683\" src=\"https:\/\/delebarrearchitecture.fr\/wp-content\/uploads\/2024\/09\/dourdan-apres-sejour-parquet-cheminee-1900-delebarre-architecture-studio-appartement-renovation-1024x683.jpg\" class=\"attachment-large size-large\" alt=\"\" srcset=\"https:\/\/delebarrearchitecture.fr\/wp-content\/uploads\/2024\/09\/dourdan-apres-sejour-parquet-cheminee-1900-delebarre-architecture-studio-appartement-renovation-1024x683.jpg 1024w, https:\/\/delebarrearchitecture.fr\/wp-content\/uploads\/2024\/09\/dourdan-apres-sejour-parquet-cheminee-1900-delebarre-architecture-studio-appartement-renovation-300x200.jpg 300w, https:\/\/delebarrearchitecture.fr\/wp-content\/uploads\/2024\/09\/dourdan-apres-sejour-parquet-cheminee-1900-delebarre-architecture-studio-appartement-renovation-768x512.jpg 768w, https:\/\/delebarrearchitecture.fr\/wp-content\/uploads\/2024\/09\/dourdan-apres-sejour-parquet-cheminee-1900-delebarre-architecture-studio-appartement-renovation-1536x1025.jpg 1536w, https:\/\/delebarrearchitecture.fr\/wp-content\/uploads\/2024\/09\/dourdan-apres-sejour-parquet-cheminee-1900-delebarre-architecture-studio-appartement-renovation.jpg 1920w\" sizes=\"auto, (max-width: 1024px) 100vw, 1024px\" \/>\t\t\t\t\t<\/a>\n\t\t\t\t\t\t\t<\/div>\n\t\t\t\t\t\t<h4 class=\"uagb-post__title uagb-post__text\">\n\t\t\t\t<a href=\"https:\/\/delebarrearchitecture.fr\/index.php\/2023\/07\/08\/appartement-a-dourdan-91\/\" target=\"_self\" rel=\"bookmark noopener noreferrer\">Appartement Dourdan (91)<\/a>\n\t\t\t<\/h4>\n\t\t\t\t\t\t<div class='uagb-post__text uagb-post-grid-byline'>\n\t\t\t\t\t\t\t<\/div>\n\t\t\t\t\t\t<div class=\"uagb-post__text uagb-post__cta wp-block-button\">\n\t\t\t\t<a class=\"wp-block-button__link uagb-text-link\" style=\"\" href=\"https:\/\/delebarrearchitecture.fr\/index.php\/2023\/07\/08\/appartement-a-dourdan-91\/\" target=\"_self\" rel=\"bookmark noopener noreferrer\">LIre plus &gt;&gt;<\/a>\n\t\t\t<\/div>\n\t\t\t\n\t\t\t\t\t\t\t\t<a class=\"uagb-post__link-complete-box\" href=\"https:\/\/delebarrearchitecture.fr\/index.php\/2023\/07\/08\/appartement-a-dourdan-91\/\" target=\"_self\" rel=\"bookmark noopener noreferrer\"><\/a>\n\t\t\t\t\t\t\t<\/article>\n\t\t\t\t\t\t\t\t\t\t\t\t\t\t\t\t<article class=\"uagb-post__inner-wrap\">\t\t\t\t\t\t\t\t<div class='uagb-post__image'>\n\t\t\t\t\t\t\t\t\t<a href=\"https:\/\/delebarrearchitecture.fr\/index.php\/2023\/07\/08\/commerces-auneau-28\/\" target=\"_self\" rel=\"bookmark noopener noreferrer\" class='uagb-image-ratio-inherit'><img loading=\"lazy\" decoding=\"async\" width=\"1024\" height=\"683\" src=\"https:\/\/delebarrearchitecture.fr\/wp-content\/uploads\/2024\/09\/auneau-ancien-facade-avant-apres-rehabilitation-28-delebarre-architecture-commerces-locaux-pmr-1024x683.jpg\" class=\"attachment-large size-large\" alt=\"\" srcset=\"https:\/\/delebarrearchitecture.fr\/wp-content\/uploads\/2024\/09\/auneau-ancien-facade-avant-apres-rehabilitation-28-delebarre-architecture-commerces-locaux-pmr-1024x683.jpg 1024w, https:\/\/delebarrearchitecture.fr\/wp-content\/uploads\/2024\/09\/auneau-ancien-facade-avant-apres-rehabilitation-28-delebarre-architecture-commerces-locaux-pmr-300x200.jpg 300w, https:\/\/delebarrearchitecture.fr\/wp-content\/uploads\/2024\/09\/auneau-ancien-facade-avant-apres-rehabilitation-28-delebarre-architecture-commerces-locaux-pmr-768x512.jpg 768w, https:\/\/delebarrearchitecture.fr\/wp-content\/uploads\/2024\/09\/auneau-ancien-facade-avant-apres-rehabilitation-28-delebarre-architecture-commerces-locaux-pmr-1536x1025.jpg 1536w, https:\/\/delebarrearchitecture.fr\/wp-content\/uploads\/2024\/09\/auneau-ancien-facade-avant-apres-rehabilitation-28-delebarre-architecture-commerces-locaux-pmr.jpg 1920w\" sizes=\"auto, (max-width: 1024px) 100vw, 1024px\" \/>\t\t\t\t\t<\/a>\n\t\t\t\t\t\t\t<\/div>\n\t\t\t\t\t\t<h4 class=\"uagb-post__title uagb-post__text\">\n\t\t\t\t<a href=\"https:\/\/delebarrearchitecture.fr\/index.php\/2023\/07\/08\/commerces-auneau-28\/\" target=\"_self\" rel=\"bookmark noopener noreferrer\">Commerces Auneau (28)<\/a>\n\t\t\t<\/h4>\n\t\t\t\t\t\t<div class='uagb-post__text uagb-post-grid-byline'>\n\t\t\t\t\t\t\t<\/div>\n\t\t\t\t\t\t<div class=\"uagb-post__text uagb-post__cta wp-block-button\">\n\t\t\t\t<a class=\"wp-block-button__link uagb-text-link\" style=\"\" href=\"https:\/\/delebarrearchitecture.fr\/index.php\/2023\/07\/08\/commerces-auneau-28\/\" target=\"_self\" rel=\"bookmark noopener noreferrer\">LIre plus &gt;&gt;<\/a>\n\t\t\t<\/div>\n\t\t\t\n\t\t\t\t\t\t\t\t<a class=\"uagb-post__link-complete-box\" href=\"https:\/\/delebarrearchitecture.fr\/index.php\/2023\/07\/08\/commerces-auneau-28\/\" target=\"_self\" rel=\"bookmark noopener noreferrer\"><\/a>\n\t\t\t\t\t\t\t<\/article>\n\t\t\t\t\t\t\t\t\t\t\t\t\t<div class=\"uagb-post-pagination-wrap\">\n\t\t\t\t\t\t\t\t\t\t\t<\/div>\n\t\t\t\t\t\t\t\t<\/div>\n\t\t\t<\/div>\n<\/div><\/div>\n","protected":false},"excerpt":{"rendered":"<p>Projets\u200b Une s\u00e9lection des projets r\u00e9alis\u00e9s par l&rsquo;agence<\/p>\n","protected":false},"author":1,"featured_media":0,"parent":0,"menu_order":0,"comment_status":"closed","ping_status":"closed","template":"","meta":{"_uag_custom_page_level_css":"","site-sidebar-layout":"no-sidebar","site-content-layout":"plain-container","ast-site-content-layout":"normal-width-container","site-content-style":"unboxed","site-sidebar-style":"unboxed","ast-global-header-display":"","ast-banner-title-visibility":"","ast-main-header-display":"","ast-hfb-above-header-display":"","ast-hfb-below-header-display":"","ast-hfb-mobile-header-display":"","site-post-title":"disabled","ast-breadcrumbs-content":"","ast-featured-img":"disabled","footer-sml-layout":"","theme-transparent-header-meta":"enabled","adv-header-id-meta":"","stick-header-meta":"","header-above-stick-meta":"","header-main-stick-meta":"","header-below-stick-meta":"","astra-migrate-meta-layouts":"default","ast-page-background-enabled":"default","ast-page-background-meta":{"desktop":{"background-color":"var(--ast-global-color-4)","background-image":"","background-repeat":"repeat","background-position":"center center","background-size":"auto","background-attachment":"scroll","background-type":"","background-media":"","overlay-type":"","overlay-color":"","overlay-opacity":"","overlay-gradient":""},"tablet":{"background-color":"","background-image":"","background-repeat":"repeat","background-position":"center center","background-size":"auto","background-attachment":"scroll","background-type":"","background-media":"","overlay-type":"","overlay-color":"","overlay-opacity":"","overlay-gradient":""},"mobile":{"background-color":"","background-image":"","background-repeat":"repeat","background-position":"center center","background-size":"auto","background-attachment":"scroll","background-type":"","background-media":"","overlay-type":"","overlay-color":"","overlay-opacity":"","overlay-gradient":""}},"ast-content-background-meta":{"desktop":{"background-color":"var(--ast-global-color-5)","background-image":"","background-repeat":"repeat","background-position":"center center","background-size":"auto","background-attachment":"scroll","background-type":"","background-media":"","overlay-type":"","overlay-color":"","overlay-opacity":"","overlay-gradient":""},"tablet":{"background-color":"var(--ast-global-color-5)","background-image":"","background-repeat":"repeat","background-position":"center center","background-size":"auto","background-attachment":"scroll","background-type":"","background-media":"","overlay-type":"","overlay-color":"","overlay-opacity":"","overlay-gradient":""},"mobile":{"background-color":"var(--ast-global-color-5)","background-image":"","background-repeat":"repeat","background-position":"center center","background-size":"auto","background-attachment":"scroll","background-type":"","background-media":"","overlay-type":"","overlay-color":"","overlay-opacity":"","overlay-gradient":""}},"footnotes":""},"class_list":["post-691","page","type-page","status-publish","hentry"],"uagb_featured_image_src":{"full":false,"thumbnail":false,"medium":false,"medium_large":false,"large":false,"1536x1536":false,"2048x2048":false},"uagb_author_info":{"display_name":"admin6667","author_link":"https:\/\/delebarrearchitecture.fr\/index.php\/author\/admin6667\/"},"uagb_comment_info":0,"uagb_excerpt":"Projets\u200b Une s\u00e9lection des projets r\u00e9alis\u00e9s par l&rsquo;agence","_links":{"self":[{"href":"https:\/\/delebarrearchitecture.fr\/index.php\/wp-json\/wp\/v2\/pages\/691","targetHints":{"allow":["GET"]}}],"collection":[{"href":"https:\/\/delebarrearchitecture.fr\/index.php\/wp-json\/wp\/v2\/pages"}],"about":[{"href":"https:\/\/delebarrearchitecture.fr\/index.php\/wp-json\/wp\/v2\/types\/page"}],"author":[{"embeddable":true,"href":"https:\/\/delebarrearchitecture.fr\/index.php\/wp-json\/wp\/v2\/users\/1"}],"replies":[{"embeddable":true,"href":"https:\/\/delebarrearchitecture.fr\/index.php\/wp-json\/wp\/v2\/comments?post=691"}],"version-history":[{"count":5,"href":"https:\/\/delebarrearchitecture.fr\/index.php\/wp-json\/wp\/v2\/pages\/691\/revisions"}],"predecessor-version":[{"id":2768,"href":"https:\/\/delebarrearchitecture.fr\/index.php\/wp-json\/wp\/v2\/pages\/691\/revisions\/2768"}],"wp:attachment":[{"href":"https:\/\/delebarrearchitecture.fr\/index.php\/wp-json\/wp\/v2\/media?parent=691"}],"curies":[{"name":"wp","href":"https:\/\/api.w.org\/{rel}","templated":true}]}}